{"id":25,"date":"2022-12-17T18:40:23","date_gmt":"2022-12-17T17:40:23","guid":{"rendered":"https:\/\/kino.steigart.ch\/?page_id=25"},"modified":"2022-12-17T18:52:33","modified_gmt":"2022-12-17T17:52:33","slug":"sitzplatz-by-kenzap","status":"publish","type":"page","link":"https:\/\/kino.steigart.ch\/index.php\/sitzplatz-by-kenzap\/","title":{"rendered":"Sitzplatz by Kenzap"},"content":{"rendered":"\n<div class=\"wp-block-myticket-events-listing-05\"><p>MyTicket Listing 5<\/p><\/div>\n\n\n\n<p>W\u00e4hlen Sie ihre Sitzpl\u00e4tze f\u00fcr Ihr Ereignis<\/p>\n","protected":false},"excerpt":{"rendered":"<p>W\u00e4hlen Sie ihre Sitzpl\u00e4tze f\u00fcr Ihr Ereignis<\/p>\n","protected":false},"author":2,"featured_media":0,"parent":0,"menu_order":0,"comment_status":"closed","ping_status":"closed","template":"","meta":{"footnotes":""},"class_list":["post-25","page","type-page","status-publish","hentry"],"_links":{"self":[{"href":"https:\/\/kino.steigart.ch\/index.php\/wp-json\/wp\/v2\/pages\/25","targetHints":{"allow":["GET"]}}],"collection":[{"href":"https:\/\/kino.steigart.ch\/index.php\/wp-json\/wp\/v2\/pages"}],"about":[{"href":"https:\/\/kino.steigart.ch\/index.php\/wp-json\/wp\/v2\/types\/page"}],"author":[{"embeddable":true,"href":"https:\/\/kino.steigart.ch\/index.php\/wp-json\/wp\/v2\/users\/2"}],"replies":[{"embeddable":true,"href":"https:\/\/kino.steigart.ch\/index.php\/wp-json\/wp\/v2\/comments?post=25"}],"version-history":[{"count":9,"href":"https:\/\/kino.steigart.ch\/index.php\/wp-json\/wp\/v2\/pages\/25\/revisions"}],"predecessor-version":[{"id":37,"href":"https:\/\/kino.steigart.ch\/index.php\/wp-json\/wp\/v2\/pages\/25\/revisions\/37"}],"wp:attachment":[{"href":"https:\/\/kino.steigart.ch\/index.php\/wp-json\/wp\/v2\/media?parent=25"}],"curies":[{"name":"wp","href":"https:\/\/api.w.org\/{rel}","templated":true}]}}